{"id":127,"date":"2016-04-30T13:40:52","date_gmt":"2016-04-30T12:40:52","guid":{"rendered":"http:\/\/wp451m.a10-52-158-154.qa.plesk.ru\/wordpress\/?page_id=2"},"modified":"2023-03-22T12:15:13","modified_gmt":"2023-03-22T11:15:13","slug":"restauracion-de-cuadros","status":"publish","type":"page","link":"https:\/\/artclinic.org\/es\/","title":{"rendered":"Restauraci\u00f3n de cuadros"},"content":{"rendered":"<div class=\"fusion-fullwidth fullwidth-box fusion-builder-row-1 nonhundred-percent-fullwidth non-hundred-percent-height-scrolling fusion-equal-height-columns\" style=\"--awb-background-position:left top;--awb-border-sizes-top:0px;--awb-border-sizes-bottom:0px;--awb-border-sizes-left:0px;--awb-border-sizes-right:0px;--awb-border-radius-top-left:0px;--awb-border-radius-top-right:0px;--awb-border-radius-bottom-right:0px;--awb-border-radius-bottom-left:0px;--awb-padding-top:20px;--awb-padding-bottom:20px;--awb-flex-wrap:wrap;\" ><div class=\"fusion-builder-row fusion-row\"><div class=\"fusion-layout-column fusion_builder_column fusion-builder-column-0 fusion_builder_column_1_1 1_1 fusion-one-full fusion-column-first fusion-column-last fusion-column-no-min-height\" style=\"--awb-bg-size:cover;--awb-margin-bottom:0px;\"><div class=\"fusion-column-wrapper fusion-flex-column-wrapper-legacy\"><div class=\"fusion-text fusion-text-1\"><h1 style=\"text-align: center;\" data-fontsize=\"30\" data-lineheight=\"51\">Restauraci\u00f3n de cuadros<\/h1>\n<\/div><div class=\"fusion-clearfix\"><\/div><\/div><\/div><div class=\"fusion-layout-column fusion_builder_column fusion-builder-column-1 fusion_builder_column_2_5 2_5 fusion-two-fifth fusion-column-first\" style=\"--awb-bg-size:cover;width:37.6%; margin-right: 4%;\"><div class=\"fusion-column-wrapper fusion-flex-column-wrapper-legacy\"><div class=\"fusion-image-element in-legacy-container\" style=\"--awb-caption-title-font-family:var(--h2_typography-font-family);--awb-caption-title-font-weight:var(--h2_typography-font-weight);--awb-caption-title-font-style:var(--h2_typography-font-style);--awb-caption-title-size:var(--h2_typography-font-size);--awb-caption-title-transform:var(--h2_typography-text-transform);--awb-caption-title-line-height:var(--h2_typography-line-height);--awb-caption-title-letter-spacing:var(--h2_typography-letter-spacing);\"><span class=\" fusion-imageframe imageframe-none imageframe-1 hover-type-none\"><img decoding=\"async\" width=\"800\" height=\"600\" title=\"restauratie-schilderij-links\" src=\"https:\/\/artclinic.org\/wp-content\/uploads\/2016\/12\/restauratie-schilderij-links-800x600.jpg\" alt class=\"img-responsive wp-image-12327\" srcset=\"https:\/\/artclinic.org\/wp-content\/uploads\/2016\/12\/restauratie-schilderij-links-400x300.jpg 400w, https:\/\/artclinic.org\/wp-content\/uploads\/2016\/12\/restauratie-schilderij-links-800x600.jpg 800w, https:\/\/artclinic.org\/wp-content\/uploads\/2016\/12\/restauratie-schilderij-links.jpg 1000w\" sizes=\"(max-width: 800px) 100vw, 800px\" \/><\/span><\/div><div class=\"fusion-clearfix\"><\/div><\/div><\/div><div class=\"fusion-layout-column fusion_builder_column fusion-builder-column-2 fusion_builder_column_3_5 3_5 fusion-three-fifth fusion-column-last\" style=\"--awb-bg-size:cover;width:58.4%;\"><div class=\"fusion-column-wrapper fusion-flex-column-wrapper-legacy\"><div class=\"fusion-text fusion-text-2\"><p><img decoding=\"async\" class=\"alignright lightbox=\" src=\"https:\/\/artclinic.org\/wp-content\/uploads\/2016\/10\/restauratie-schilderij-rechts.jpg\" alt=\"restauratie-schilderijen-rechts\" width=\"20%\" \/>Poseer un cuadro es algo muy especial. La calidad de una obra de arte puede estar seriamente afectada por diferentes patolog\u00edas: un barniz oscurecido con el tiempo, suciedad superficial o un roto. Un restaurador de arte profesional puede aconsejar en como recuperar el estado original de la obra y as\u00ed tambi\u00e9n recuperar su valor. El studio de restauraci\u00f3n Ortiz Art Clinic esta especializado en la restauraci\u00f3n y conservaci\u00f3n de pinturas y obras de arte.<\/p>\n<p>Ortiz Art Clinic cuenta con mas de 20 a\u00f1os de experiencia en la restauraci\u00f3n de pinturas desde el siglo XV hasta obras contempor\u00e1neas y con una proyecci\u00f3n internacional que incluye obras principalmente procedentes de Holanda, Reino Unido, Irlanda y Francia.<\/p>\n<h2>Propuesta restauraci\u00f3n gratis<\/h2>\n<p>Si se ponen en contacto con nosotros con una consulta profesional sobre su pintura recibir\u00e1n: una diagnosis, propuesta de tratamiento y precio estimado. Todo esto libre de coste y sin compromiso alguno por su parte. Tambi\u00e9n para la restauraci\u00f3n de los marcos, esculturas, papel (dibujos), de frescos, retablos u otros objetos que puede ponerse en contacto con nosotros.<\/p>\n<p><strong>\u00a1NUEVO!<\/strong> Ahora tambi\u00e9n se puede solicitar en l\u00ednea para una propuesta para la restauraci\u00f3n de su pintura. Se recibir\u00e1 una propuesta de restauraci\u00f3n dentro de 24 horas.<\/p>\n<h2>Nuestro estudio de restauraci\u00f3n<\/h2>\n<p>Cuando se decide restaurar su cuadro, por supuesto, te gusta saber d\u00f3nde est\u00e1 su cuadro va, qui\u00e9n hace la restauraci\u00f3n y lo que va a pasar al cuadro. Te animamos a visitarnos en nuestro estudio de restauraci\u00f3n. Restauradora Patricia Ortiz le informar\u00e1 personalmente sobre el estado y la restauraci\u00f3n de su cuadro, p\u00f3ngase en contacto con nosotros para programar una cita. Una visita a su ubicaci\u00f3n tambi\u00e9n es posible.<\/p>\n<\/div><div class=\"fusion-image-element in-legacy-container\" style=\"--awb-caption-title-font-family:var(--h2_typography-font-family);--awb-caption-title-font-weight:var(--h2_typography-font-weight);--awb-caption-title-font-style:var(--h2_typography-font-style);--awb-caption-title-size:var(--h2_typography-font-size);--awb-caption-title-transform:var(--h2_typography-text-transform);--awb-caption-title-line-height:var(--h2_typography-line-height);--awb-caption-title-letter-spacing:var(--h2_typography-letter-spacing);\"><span class=\" fusion-imageframe imageframe-none imageframe-2 hover-type-none\"><img decoding=\"async\" width=\"1000\" height=\"562\" alt=\"patricia-ortiz-aan-het-werk-in-haar-atelier\" title=\"patricia-ortiz-aan-het-werk\" src=\"https:\/\/artclinic.org\/wp-content\/uploads\/2016\/10\/patricia-ortiz-aan-het-werk.jpg\" class=\"img-responsive wp-image-12073\" srcset=\"https:\/\/artclinic.org\/wp-content\/uploads\/2016\/10\/patricia-ortiz-aan-het-werk-400x225.jpg 400w, https:\/\/artclinic.org\/wp-content\/uploads\/2016\/10\/patricia-ortiz-aan-het-werk-800x450.jpg 800w, https:\/\/artclinic.org\/wp-content\/uploads\/2016\/10\/patricia-ortiz-aan-het-werk.jpg 1000w\" sizes=\"(max-width: 800px) 100vw, 1000px\" \/><\/span><\/div><div class=\"fusion-text fusion-text-3\"><p style=\"text-align: center;\">Patricia Ortiz trabajando en su estudio<\/p>\n<\/div><div class=\"fusion-text fusion-text-4\"><p>Ortiz Art Clinic es miembro de las dos asociaciones de restauradores holandesas\u00a0<a href=\"http:\/\/www.restauratoren.nl\">Restauratoren Nederland (RN)<\/a>\u00a0y\u00a0<a href=\"http:\/\/www.aranederland.nl\">Art Restorers Association (ARA)<\/a>\u00a0y cumple el\u00a0<a href=\"http:\/\/www.restauratoren.nl\/wp-content\/uploads\/e.c.c.o-20code-20in-20ned.pdf\" target=\"_blank\" rel=\"noopener\">c\u00f3digo \u00e9tico E.C.C.O<\/a>.\u00a0aceptada internacionalmente.<\/p>\n<p>Ortiz Art Clinic collabora con\u00a0<a href=\"http:\/\/ireland.artclinic.org\">The Art Clinic<\/a>\u00a0en Dublin, Irlanda<\/p>\n<\/div><div class=\"fusion-clearfix\"><\/div><\/div><\/div><\/div><\/div>\n","protected":false},"excerpt":{"rendered":"","protected":false},"author":1,"featured_media":0,"parent":0,"menu_order":0,"comment_status":"closed","ping_status":"closed","template":"","meta":{"_monsterinsights_skip_tracking":false,"_monsterinsights_sitenote_active":false,"_monsterinsights_sitenote_note":"","_monsterinsights_sitenote_category":0,"footnotes":""},"class_list":["post-127","page","type-page","status-publish","hentry"],"aioseo_notices":[],"_links":{"self":[{"href":"https:\/\/artclinic.org\/es\/wp-json\/wp\/v2\/pages\/127","targetHints":{"allow":["GET"]}}],"collection":[{"href":"https:\/\/artclinic.org\/es\/wp-json\/wp\/v2\/pages"}],"about":[{"href":"https:\/\/artclinic.org\/es\/wp-json\/wp\/v2\/types\/page"}],"author":[{"embeddable":true,"href":"https:\/\/artclinic.org\/es\/wp-json\/wp\/v2\/users\/1"}],"replies":[{"embeddable":true,"href":"https:\/\/artclinic.org\/es\/wp-json\/wp\/v2\/comments?post=127"}],"version-history":[{"count":0,"href":"https:\/\/artclinic.org\/es\/wp-json\/wp\/v2\/pages\/127\/revisions"}],"wp:attachment":[{"href":"https:\/\/artclinic.org\/es\/wp-json\/wp\/v2\/media?parent=127"}],"curies":[{"name":"wp","href":"https:\/\/api.w.org\/{rel}","templated":true}]}}