{"id":130,"date":"2016-05-20T09:06:03","date_gmt":"2016-05-20T08:06:03","guid":{"rendered":"http:\/\/website-4all.nl\/artclinic\/?page_id=95"},"modified":"2023-03-22T20:34:40","modified_gmt":"2023-03-22T19:34:40","slug":"perfil-patricia-ortiz","status":"publish","type":"page","link":"https:\/\/artclinic.org\/es\/perfil-patricia-ortiz\/","title":{"rendered":"Perfil Patricia Ortiz"},"content":{"rendered":"<div class=\"fusion-fullwidth fullwidth-box fusion-builder-row-1 nonhundred-percent-fullwidth non-hundred-percent-height-scrolling\" style=\"--awb-background-position:left top;--awb-border-sizes-top:0px;--awb-border-sizes-bottom:0px;--awb-border-sizes-left:0px;--awb-border-sizes-right:0px;--awb-border-radius-top-left:0px;--awb-border-radius-top-right:0px;--awb-border-radius-bottom-right:0px;--awb-border-radius-bottom-left:0px;--awb-padding-top:20px;--awb-padding-bottom:20px;--awb-flex-wrap:wrap;\" ><div class=\"fusion-builder-row fusion-row\"><div class=\"fusion-layout-column fusion_builder_column fusion-builder-column-0 fusion_builder_column_1_1 1_1 fusion-one-full fusion-column-first fusion-column-last fusion-column-no-min-height\" style=\"--awb-bg-size:cover;--awb-margin-bottom:0px;\"><div class=\"fusion-column-wrapper fusion-flex-column-wrapper-legacy\"><div class=\"fusion-text fusion-text-1\"><h1 style=\"text-align: center;\">Perfil Patricia Ortiz<\/h1>\n<\/div><div class=\"fusion-clearfix\"><\/div><\/div><\/div><div class=\"fusion-layout-column fusion_builder_column fusion-builder-column-1 fusion_builder_column_2_5 2_5 fusion-two-fifth fusion-column-first\" style=\"--awb-bg-size:cover;width:37.6%; margin-right: 4%;\"><div class=\"fusion-column-wrapper fusion-flex-column-wrapper-legacy\"><div class=\"fusion-image-carousel fusion-image-carousel-auto fusion-image-carousel-1\"><div class=\"awb-carousel awb-swiper awb-swiper-carousel awb-carousel--carousel awb-swiper-dots-position-bottom\" data-layout=\"carousel\" data-autoplay=\"no\" data-autoplayspeed=\"2500\" data-autoplaypause=\"no\" data-loop=\"yes\" data-columns=\"1\" data-columnsmedium=\"1\" data-columnssmall=\"1\" data-itemmargin=\"13\" data-itemwidth=\"180\" data-touchscroll=\"no\" data-freemode=\"no\" data-imagesize=\"auto\" data-scrollitems=\"0\" data-centeredslides=\"no\" data-rotationangle=\"50\" data-depth=\"100\" data-speed=\"500\" data-shadow=\"no\" data-pagination=\"bullets\" style=\"--awb-columns:1;\"><div class=\"swiper-wrapper awb-image-carousel-wrapper fusion-flex-align-items-center\"><div class=\"swiper-slide\"><div class=\"fusion-carousel-item-wrapper\"><div class=\"fusion-image-wrapper hover-type-none\"><img decoding=\"async\" width=\"1000\" height=\"750\" src=\"https:\/\/artclinic.org\/wp-content\/uploads\/2016\/09\/profiel-patricia-ortiz-links.jpg\" class=\"attachment-full size-full\" alt=\"restaurator Patricia Ortiz aan het werk\" srcset=\"https:\/\/artclinic.org\/wp-content\/uploads\/2016\/09\/profiel-patricia-ortiz-links-400x300.jpg 400w, https:\/\/artclinic.org\/wp-content\/uploads\/2016\/09\/profiel-patricia-ortiz-links-768x576.jpg 768w, https:\/\/artclinic.org\/wp-content\/uploads\/2016\/09\/profiel-patricia-ortiz-links-800x600.jpg 800w, https:\/\/artclinic.org\/wp-content\/uploads\/2016\/09\/profiel-patricia-ortiz-links.jpg 1000w\" sizes=\"(max-width: 1000px) 100vw, 1000px\" \/><\/div><\/div><\/div><\/div><div class=\"awb-swiper-button awb-swiper-button-prev\"><i class=\"awb-icon-angle-left\" aria-hidden=\"true\"><\/i><\/div><div class=\"awb-swiper-button awb-swiper-button-next\"><i class=\"awb-icon-angle-right\" aria-hidden=\"true\"><\/i><\/div><\/div><\/div><div class=\"fusion-clearfix\"><\/div><\/div><\/div><div class=\"fusion-layout-column fusion_builder_column fusion-builder-column-2 fusion_builder_column_3_5 3_5 fusion-three-fifth fusion-column-last\" style=\"--awb-bg-size:cover;width:58.4%;\"><div class=\"fusion-column-wrapper fusion-flex-column-wrapper-legacy\"><div class=\"fusion-text fusion-text-2\"><p><img decoding=\"async\" class=\"alignright lightbox=\" src=\"https:\/\/artclinic.org\/wp-content\/uploads\/2016\/09\/profiel-patricia-ortiz-rechts.gif\" alt=\"restaurator Patricia Ortiz\" width=\"15%\" \/><\/p>\n<h2>Educaci\u00f3n<\/h2>\n<p><strong>Patricia Ortiz<\/strong> es licenciada en <strong>Restauraci\u00f3n y Conservaci\u00f3n de Obras<\/strong> de Arte por la <a href=\"https:\/\/www.ucm.es\/\" target=\"_blank\" rel=\"noopener\">Universidad Complutense<\/a> de Madrid, Espa\u00f1a. En el <a href=\"https:\/\/www.museodelprado.es\" target=\"_blank\" rel=\"noopener\">Museo del Prado<\/a> de Madrid gana experiencia con el an\u00e1lisis t\u00e9cnico de las pinturas. Ya desde la Universidad y el museo participo en proyectos de restauraci\u00f3n tales como la restauracion de la Bas\u00edlica de \u00c1vila.<\/p>\n<h2>Experiencia<\/h2>\n<p>Patricia tiene una amplia experiencia como restauradora de pinturas, marcos, esculturas y otros objetos de arte. Durante m\u00e1s de diez a\u00f1os Patricia trabajo y vivi\u00f3 en Irlanda donde tuvo la oportunidad de colaborar con la <a href=\"http:\/\/www.nationalgallery.ie\/\" target=\"_blank\" rel=\"noopener\">Galer\u00eda Nacional de Irlanda<\/a> en Dubl\u00edn. Durante este periodo se especializ\u00f3 en la restauraci\u00f3n de pinturas al \u00f3leo del siglo XIX de artistas ingleses, irlandeses y espa\u00f1oles tales como Soroya, Murillo, Lawrence, Reynolds, Orpen, Lavary entre muchos otros.<\/p>\n<p>En los \u00faltimos 10 a\u00f1os Patricia ha vivido y trabajado en Holanda donde ha tenido la ocasi\u00f3n de especializarse en movimientos art\u00edsticos y artistas holandeses. Teniendo mucha experiencia y conocimiento en la <a href=\"https:\/\/en.wikipedia.org\/wiki\/Hague_School\" target=\"_blank\" rel=\"noopener\"><strong>escuela de la Haya<\/strong><\/a> habiendo restaurado numerosas obras de artistas como Willem Maris, Jozef Israels, Floris Arntzenius, Jan Hendrik Weissenbruch y muchos otros artistas holandeses del siglo XVII como Rembrandt y Ferdinand Bol. Patricia trabaja tanto para clientes privados como para museos habiendo trabajado en numerosas obras para museos como el museo de la ciudad de Gouda o el <a href=\"http:\/\/www.boijmans.nl\/nl\" target=\"_blank\" rel=\"noopener\">Museo Boymans van Beuningen Rotterdam<\/a>.<\/p>\n<h2>Competencia<\/h2>\n<p>Patricia continua actualizando sus conocimientos con cursos y talleres tales como \u00abNuevos m\u00e9todos de limpieza\u00bb impartido por <a href=\"http:\/\/www.artcons.udel.edu\/faculty\/ud-faculty\/richard-wolbers\" target=\"_blank\" rel=\"noopener\">Richard Wolbers<\/a> de la Universidad de Delaware en Newark, Estados Unidos.<\/p>\n<h2>Publicaciones<\/h2>\n<p id=\"publicaties\">Regularmente Patricia Ortiz se interpone en las noticias relacionadas con sus actividades de restauraci\u00f3n. A continuaci\u00f3n puede encontrar algunas de sus publicaciones:<\/p>\n<ul>\n<li>Museum Gouda\n<ul>\n<li><a href=\"http:\/\/www.museumgouda.nl\/zoeken\/?q=patricia+ortiz\" target=\"_blank\" rel=\"noopener\">Comunicados de prensa<\/a>\u00a0(en\u00a0holand\u00e9s)<\/li>\n<li><a href=\"https:\/\/www.youtube.com\/watch?v=aHDIT1gefGs&amp;feature=youtu.be\" target=\"_blank\" rel=\"noopener\">Video Restauraci\u00f3n Erasmus<\/a>\u00a0(en Espa\u00f1ol con subt\u00edtulos\u00a0en\u00a0holand\u00e9s)<\/li>\n<\/ul>\n<\/li>\n<li>Streekblad Zoetermeer\n<ul>\n<li><a href=\"https:\/\/www.streekbladzoetermeer.nl\/nieuws\/actueel\/111048\/-zoetermeerse-restaureert-paneel-in-museum-gouda\" target=\"_blank\" rel=\"noopener\">Restaurado de Zoetermeer restaura un panel del altar en Museum Gouda<\/a><\/li>\n<\/ul>\n<\/li>\n<li>Algemeen Dagblad\n<ul>\n<li><a title=\"Algemeen Dagblad\" href=\"https:\/\/artclinic.org\/wp-content\/uploads\/2016\/11\/restauratie-blocktlandt-algemeen-dagblad-1.jpg\" data-rel=\"iLightbox&#091;publicaties&#093;\">Foco necesario<\/a> (en\u00a0holand\u00e9s)<\/li>\n<li><a title=\"Algemeen Dagblad\" href=\"https:\/\/artclinic.org\/wp-content\/uploads\/2016\/11\/restauratie-blocktlandt-algemeen-dagblad-2.jpg\" data-rel=\"iLightbox&#091;publicaties&#093;\">Un paso en falso podr\u00eda ser fatal<\/a> (en\u00a0holand\u00e9s)<\/li>\n<li><a title=\"Algemeen Dagblad\" href=\"https:\/\/artclinic.org\/wp-content\/uploads\/2016\/09\/restauratie-erasmus-voltooid.jpg\" data-rel=\"iLightbox&#091;publicaties&#093;\">Con la nariz en la restauraci\u00f3n<\/a>\u00a0(en\u00a0holand\u00e9s)<\/li>\n<li><a title=\"Algemeen Dagblad\" href=\"https:\/\/artclinic.org\/wp-content\/uploads\/2016\/09\/restauratie-beeld-erasmus-hersteld.jpg\" data-rel=\"iLightbox&#091;publicaties&#093;\">Escultura antigua Erasmus restaurada<\/a>\u00a0(en\u00a0holand\u00e9s)<\/li>\n<\/ul>\n<\/li>\n<li>Gouda TV\n<ul>\n<li><a title=\"Restoration Blocklandt altar piece in Museum Gouda\" href=\"https:\/\/www.youtube.com\/watch?v=on_PcLIEH0I\" target=\"_blank\" rel=\"noopener\">Restauraci\u00f3n retablo de Blocklandt en Museum Gouda<\/a> (en holand\u00e9s)<\/li>\n<\/ul>\n<\/li>\n<li>Goudse Post\n<ul>\n<li><a title=\"Goudse Post\" href=\"https:\/\/artclinic.org\/wp-content\/uploads\/2016\/12\/restauratie-blocklandt-streekblad-zoetermeer.jpg\" data-rel=\"iLightbox&#091;publicaties&#093;\">Restaurado de Zoetermeer restaura un panel del altar en Museum Gouda<\/a><\/li>\n<li><a title=\"Goudse Post\" href=\"https:\/\/artclinic.org\/wp-content\/uploads\/2016\/09\/restauratie-schilderij-voltooid.jpg\" data-rel=\"iLightbox&#091;publicaties&#093;\">restauraci\u00f3n terminada<\/a>\u00a0(en\u00a0holand\u00e9s)<\/li>\n<\/ul>\n<\/li>\n<li>Au Courant journal of\u00a0<a href=\"https:\/\/www.restauratoren.nl\/\" target=\"_blank\" rel=\"noopener\">Restorers Netherlands<\/a>\n<ul>\n<li><a title=\"Issues in Contemporary Art\" href=\"https:\/\/artclinic.org\/wp-content\/uploads\/2016\/09\/restauratie-schilderij-ortiz.jpg\" data-rel=\"iLightbox&#091;publicaties&#093;\">Cuestiones en pintura de aceite contempor\u00e1nea<\/a>\u00a0(en ingl\u00e9s)<\/li>\n<\/ul>\n<\/li>\n<li>Irish Post\n<ul>\n<li><a title=\"Irish Post\" href=\"https:\/\/artclinic.org\/wp-content\/uploads\/2016\/09\/restauratie-schilderij-dublin.jpg\" data-rel=\"iLightbox&#091;publicaties&#093;\">Ag cur barr feabhais ar na maistri<\/a>\u00a0(en irland\u00e9s)<\/li>\n<\/ul>\n<\/li>\n<li>El diario de Avila\n<ul>\n<li><a title=\"El diario de Avila\" href=\"https:\/\/artclinic.org\/wp-content\/uploads\/2016\/11\/restauratie-sculptuur-avila-krant.jpg\" data-rel=\"iLightbox&#091;publicaties&#093;\">Aparacen en San Vincente tres tallas de los Santos bajo<\/a>\u00a0(en Espa\u00f1ol)<\/li>\n<\/ul>\n<\/li>\n<\/ul>\n<\/div><div class=\"fusion-clearfix\"><\/div><\/div><\/div><\/div><\/div>\n","protected":false},"excerpt":{"rendered":"","protected":false},"author":1,"featured_media":0,"parent":0,"menu_order":0,"comment_status":"closed","ping_status":"closed","template":"","meta":{"_monsterinsights_skip_tracking":false,"_monsterinsights_sitenote_active":false,"_monsterinsights_sitenote_note":"","_monsterinsights_sitenote_category":0,"footnotes":""},"class_list":["post-130","page","type-page","status-publish","hentry"],"aioseo_notices":[],"_links":{"self":[{"href":"https:\/\/artclinic.org\/es\/wp-json\/wp\/v2\/pages\/130","targetHints":{"allow":["GET"]}}],"collection":[{"href":"https:\/\/artclinic.org\/es\/wp-json\/wp\/v2\/pages"}],"about":[{"href":"https:\/\/artclinic.org\/es\/wp-json\/wp\/v2\/types\/page"}],"author":[{"embeddable":true,"href":"https:\/\/artclinic.org\/es\/wp-json\/wp\/v2\/users\/1"}],"replies":[{"embeddable":true,"href":"https:\/\/artclinic.org\/es\/wp-json\/wp\/v2\/comments?post=130"}],"version-history":[{"count":1,"href":"https:\/\/artclinic.org\/es\/wp-json\/wp\/v2\/pages\/130\/revisions"}],"predecessor-version":[{"id":15336,"href":"https:\/\/artclinic.org\/es\/wp-json\/wp\/v2\/pages\/130\/revisions\/15336"}],"wp:attachment":[{"href":"https:\/\/artclinic.org\/es\/wp-json\/wp\/v2\/media?parent=130"}],"curies":[{"name":"wp","href":"https:\/\/api.w.org\/{rel}","templated":true}]}}